{"id":1002,"date":"2021-03-09T07:25:39","date_gmt":"2021-03-09T07:25:39","guid":{"rendered":"https:\/\/colmenaresabogados.com\/web\/results\/"},"modified":"2022-12-28T21:30:10","modified_gmt":"2022-12-28T21:30:10","slug":"servicios-2","status":"publish","type":"page","link":"https:\/\/colmenaresabogados.com\/web\/servicios-2\/","title":{"rendered":"servicios2"},"content":{"rendered":"\t\t<div data-elementor-type=\"wp-page\" data-elementor-id=\"1002\" class=\"elementor elementor-1002\">\n\t\t\t\t\t\t<section class=\"elementor-section elementor-top-section elementor-element elementor-element-f6c6c7c elementor-section-boxed elementor-section-height-default elementor-section-height-default elementor-invisible\" data-id=\"f6c6c7c\" data-element_type=\"section\" data-settings=\"{&quot;background_background&quot;:&quot;classic&quot;,&quot;animation&quot;:&quot;fadeInDown&quot;}\">\n\t\t\t\t\t\t\t<div class=\"elementor-background-overlay\"><\/div>\n\t\t\t\t\t\t\t<div class=\"elementor-container elementor-column-gap-no\">\n\t\t\t\t\t<div class=\"elementor-column elementor-col-100 elementor-top-column elementor-element elementor-element-03c152a\" data-id=\"03c152a\" data-element_type=\"column\">\n\t\t\t<div class=\"elementor-widget-wrap elementor-element-populated\">\n\t\t\t\t\t\t<div class=\"elementor-element elementor-element-2e9d5fb elementor-widget elementor-widget-heading\" data-id=\"2e9d5fb\" data-element_type=\"widget\" data-widget_type=\"heading.default\">\n\t\t\t\t<div class=\"elementor-widget-container\">\n\t\t\t\t\t<h1 class=\"elementor-heading-title elementor-size-default\">Servicios<\/h1>\t\t\t\t<\/div>\n\t\t\t\t<\/div>\n\t\t\t\t\t<\/div>\n\t\t<\/div>\n\t\t\t\t\t<\/div>\n\t\t<\/section>\n\t\t\t\t<section class=\"elementor-section elementor-top-section elementor-element elementor-element-5f889d6 elementor-section-boxed elementor-section-height-default elementor-section-height-default elementor-invisible\" data-id=\"5f889d6\" data-element_type=\"section\" data-settings=\"{&quot;background_background&quot;:&quot;classic&quot;,&quot;animation&quot;:&quot;fadeInUp&quot;}\">\n\t\t\t\t\t\t<div class=\"elementor-container elementor-column-gap-no\">\n\t\t\t\t\t<div class=\"elementor-column elementor-col-100 elementor-top-column elementor-element elementor-element-c0af683 elementor-invisible\" data-id=\"c0af683\" data-element_type=\"column\" data-settings=\"{&quot;animation&quot;:&quot;fadeInUp&quot;}\">\n\t\t\t<div class=\"elementor-widget-wrap elementor-element-populated\">\n\t\t\t\t\t\t<div class=\"elementor-element elementor-element-9255281 elementor-invisible elementor-widget elementor-widget-heading\" data-id=\"9255281\" data-element_type=\"widget\" data-settings=\"{&quot;_animation&quot;:&quot;fadeInUp&quot;}\" data-widget_type=\"heading.default\">\n\t\t\t\t<div class=\"elementor-widget-container\">\n\t\t\t\t\t<h2 class=\"elementor-heading-title elementor-size-default\">M\u00e1s 23 a\u00f1os de experiencia ofreci\u00e9ndote lo mejor de nosotros.<\/h2>\t\t\t\t<\/div>\n\t\t\t\t<\/div>\n\t\t\t\t\t<\/div>\n\t\t<\/div>\n\t\t\t\t\t<\/div>\n\t\t<\/section>\n\t\t\t\t<section class=\"elementor-section elementor-top-section elementor-element elementor-element-ee54d7b elementor-section-boxed elementor-section-height-default elementor-section-height-default\" data-id=\"ee54d7b\" data-element_type=\"section\" data-settings=\"{&quot;background_background&quot;:&quot;classic&quot;}\">\n\t\t\t\t\t\t<div class=\"elementor-container elementor-column-gap-no\">\n\t\t\t\t\t<div class=\"elementor-column elementor-col-100 elementor-top-column elementor-element elementor-element-afc287f\" data-id=\"afc287f\" data-element_type=\"column\">\n\t\t\t<div class=\"elementor-widget-wrap elementor-element-populated\">\n\t\t\t\t\t\t<section class=\"elementor-section elementor-inner-section elementor-element elementor-element-936132b elementor-section-full_width elementor-section-content-middle elementor-section-height-default elementor-section-height-default\" data-id=\"936132b\" data-element_type=\"section\">\n\t\t\t\t\t\t<div class=\"elementor-container elementor-column-gap-no\">\n\t\t\t\t\t<div class=\"elementor-column elementor-col-50 elementor-inner-column elementor-element elementor-element-642e7b5 elementor-invisible\" data-id=\"642e7b5\" data-element_type=\"column\" data-settings=\"{&quot;background_background&quot;:&quot;classic&quot;,&quot;animation&quot;:&quot;fadeInLeft&quot;}\">\n\t\t\t<div class=\"elementor-widget-wrap elementor-element-populated\">\n\t\t\t\t\t\t<div class=\"elementor-element elementor-element-af9f5d1 animated-fast elementor-invisible elementor-widget elementor-widget-html\" data-id=\"af9f5d1\" data-element_type=\"widget\" data-settings=\"{&quot;_animation&quot;:&quot;fadeInUp&quot;}\" data-widget_type=\"html.default\">\n\t\t\t\t<div class=\"elementor-widget-container\">\n\t\t\t\t\t<style>\r\n.container {\r\n  position: relative;\r\n  width:100%;\r\n}\r\n.image {\r\n  display: block;\r\n  width: 100%;\r\n  height: auto;\r\n}\r\n.overlay {\r\n  position: absolute;\r\n  top: 0;\r\n  bottom: 0;\r\n  left: 0;\r\n  right: 0;\r\n  height: 100%;\r\n  width: 100%;\r\n  opacity: 0;\r\n  transition: .5s ease;\r\n  background-color: rgba(68, 112, 180, 0.6);\r\n}\r\n.container:hover .overlay {\r\n  opacity: 1;\r\n}\r\n.text {\r\n  color: white;\r\n  font-size: 20px;\r\n  position: absolute;\r\n  top: 50%;\r\n  left: 50%;\r\n  transform: translate(-50%, -50%);\r\n  -ms-transform: translate(-50%, -50%);\r\n}\r\n<\/style>\r\n<div class=\"container\"><img fetchpriority=\"high\" decoding=\"async\" class=\"image\" src=\"https:\/\/colmenaresabogados.com\/web\/wp-content\/uploads\/2022\/12\/successful-deal-1.jpg\" alt=\"Avatar\" width=\"691\" height=\"461\" \/>\r\n<div class=\"overlay\">\r\n\t<div class=\"text\">\r\n\t    <a href=\"https:\/\/colmenaresabogados.com\/web\/conciliacion-y-mediacion\/\" target=\"_blank\">\r\n\t    <b style=\"color:white;\">Conciliaci\u00f3n y mediaci\u00f3n <\/b><\/a>\r\n\t<\/div>\r\n<\/div>\r\n<\/div>\t\t\t\t<\/div>\n\t\t\t\t<\/div>\n\t\t\t\t<div class=\"elementor-element elementor-element-5cc67dd elementor-invisible elementor-widget elementor-widget-html\" data-id=\"5cc67dd\" data-element_type=\"widget\" data-settings=\"{&quot;_animation&quot;:&quot;fadeInUp&quot;}\" data-widget_type=\"html.default\">\n\t\t\t\t<div class=\"elementor-widget-container\">\n\t\t\t\t\t<style>\r\n.container {\r\n  position: relative;\r\n  width:100%;\r\n}\r\n.image {\r\n  display: block;\r\n  width: 100%;\r\n  height: auto;\r\n}\r\n.overlay {\r\n  position: absolute;\r\n  top: 0;\r\n  bottom: 0;\r\n  left: 0;\r\n  right: 0;\r\n  height: 100%;\r\n  width: 100%;\r\n  opacity: 0;\r\n  transition: .5s ease;\r\n  background-color: rgba(68, 112, 180, 0.6);\r\n}\r\n.container:hover .overlay {\r\n  opacity: 1;\r\n}\r\n.text {\r\n  color: white;\r\n  font-size: 20px;\r\n  position: absolute;\r\n  top: 50%;\r\n  left: 50%;\r\n  transform: translate(-50%, -50%);\r\n  -ms-transform: translate(-50%, -50%);\r\n}\r\n<\/style>\r\n<div class=\"container\"><img decoding=\"async\" class=\"image\" src=\"https:\/\/colmenaresabogados.com\/web\/wp-content\/uploads\/2022\/12\/court-hammer-and-books-judgment-and-law-concept-1.jpg\" alt=\"Avatar\" width=\"691\" height=\"461\" \/>\r\n<div class=\"overlay\">\r\n<div class=\"text\">\r\n    <a href=\"https:\/\/colmenaresabogados.com\/web\/litigios\/\" target=\"_blank\"><b style=\"color:white;\">Litigios <\/b><\/a>\r\n\t\t<\/div>\r\n<\/div>\r\n<\/div>\t\t\t\t<\/div>\n\t\t\t\t<\/div>\n\t\t\t\t<div class=\"elementor-element elementor-element-b25241b animated-slow elementor-invisible elementor-widget elementor-widget-html\" data-id=\"b25241b\" data-element_type=\"widget\" data-settings=\"{&quot;_animation&quot;:&quot;fadeInUp&quot;}\" data-widget_type=\"html.default\">\n\t\t\t\t<div class=\"elementor-widget-container\">\n\t\t\t\t\t<style>\r\n.container {\r\n  position: relative;\r\n  width:100%;\r\n}\r\n.image {\r\n  display: block;\r\n  width: 100%;\r\n  height: auto;\r\n}\r\n.overlay {\r\n  position: absolute;\r\n  top: 0;\r\n  bottom: 0;\r\n  left: 0;\r\n  right: 0;\r\n  height: 100%;\r\n  width: 100%;\r\n  opacity: 0;\r\n  transition: .5s ease;\r\n  background-color: rgba(68, 112, 180, 0.6);\r\n}\r\n.container:hover .overlay {\r\n  opacity: 1;\r\n}\r\n.text {\r\n  color: white;\r\n  font-size: 20px;\r\n  position: absolute;\r\n  top: 50%;\r\n  left: 50%;\r\n  transform: translate(-50%, -50%);\r\n  -ms-transform: translate(-50%, -50%);\r\n}\r\n<\/style>\r\n<div class=\"container\"><img decoding=\"async\" class=\"image\" src=\"https:\/\/colmenaresabogados.com\/web\/wp-content\/uploads\/2022\/12\/mature-legal-advisor-meeting-with-young-customer-at-co-working-holding-documents-and-shaking-hands-1-1.jpg\" alt=\"Avatar\" width=\"691\" height=\"461\" \/>\r\n<div class=\"overlay\">\r\n<div class=\"text\"><a href=\"https:\/\/colmenaresabogados.com\/web\/asesorias-2\/\" target=\"_blank\"><b style=\"color:white;\">Asesor\u00edas <\/b><\/a>\r\n<\/div>\r\n<\/div>\r\n<\/div>\t\t\t\t<\/div>\n\t\t\t\t<\/div>\n\t\t\t\t\t<\/div>\n\t\t<\/div>\n\t\t\t\t<div class=\"elementor-column elementor-col-50 elementor-inner-column elementor-element elementor-element-b61c427\" data-id=\"b61c427\" data-element_type=\"column\" data-settings=\"{&quot;background_background&quot;:&quot;classic&quot;}\">\n\t\t\t<div class=\"elementor-widget-wrap elementor-element-populated\">\n\t\t\t\t\t\t<div class=\"elementor-element elementor-element-c03d721 elementor-invisible elementor-widget elementor-widget-html\" data-id=\"c03d721\" data-element_type=\"widget\" data-settings=\"{&quot;_animation&quot;:&quot;fadeInRight&quot;}\" data-widget_type=\"html.default\">\n\t\t\t\t<div class=\"elementor-widget-container\">\n\t\t\t\t\t<style>\r\n.container {\r\n  position: relative;\r\n  width: 100%;\r\n}\r\n.image {\r\n  display: block;\r\n  width: 100%;\r\n  height: auto;\r\n}\r\n.overlay {\r\n  position: absolute;\r\n  top: 0;\r\n  bottom: 0;\r\n  left: 0;\r\n  right: 0;\r\n  height: 100%;\r\n  width: 100%;\r\n  opacity: 0;\r\n  transition: .5s ease;\r\n  background-color: rgba(68, 112, 180, 0.6);\r\n}\r\n.container:hover .overlay {\r\n  opacity: 1;\r\n}\r\n.text {\r\n  color: white;\r\n  font-size: 20px;\r\n  position: absolute;\r\n  top: 50%;\r\n  left: 50%;\r\n  transform: translate(-50%, -50%);\r\n  -ms-transform: translate(-50%, -50%);\r\n}\r\n<\/style>\r\n<div class=\"container\"><img loading=\"lazy\" decoding=\"async\" class=\"image\" src=\"https:\/\/colmenaresabogados.com\/web\/wp-content\/uploads\/2022\/12\/happy-family-sitting-on-couch-in-living-room-1-e1670946235870.jpg\" alt=\"Avatar\" width=\"691\" height=\"461\" \/>\r\n<div class=\"overlay\">\r\n\t<div class=\"text\"><a href=\"https:\/\/colmenaresabogados.com\/web\/planeacion-familiar\/\" target=\"_blank\"><b style=\"color:white;\">Planeaci\u00f3n Familiar<\/b><\/a>\r\n\t<\/div>\r\n<\/div>\r\n<\/div>\t\t\t\t<\/div>\n\t\t\t\t<\/div>\n\t\t\t\t\t<\/div>\n\t\t<\/div>\n\t\t\t\t\t<\/div>\n\t\t<\/section>\n\t\t\t\t\t<\/div>\n\t\t<\/div>\n\t\t\t\t\t<\/div>\n\t\t<\/section>\n\t\t\t\t<\/div>\n\t\t","protected":false},"excerpt":{"rendered":"<p>Servicios M\u00e1s 23 a\u00f1os de experiencia ofreci\u00e9ndote lo mejor de nosotros. Conciliaci\u00f3n y mediaci\u00f3n Litigios Asesor\u00edas Planeaci\u00f3n Familiar<\/p>\n","protected":false},"author":1,"featured_media":0,"parent":0,"menu_order":0,"comment_status":"closed","ping_status":"closed","template":"","meta":{"_acf_changed":false,"site-sidebar-layout":"no-sidebar","site-content-layout":"page-builder","ast-global-header-display":"","ast-main-header-display":"","ast-hfb-above-header-display":"","ast-hfb-below-header-display":"","ast-hfb-mobile-header-display":"","site-post-title":"disabled","ast-breadcrumbs-content":"disabled","ast-featured-img":"disabled","footer-sml-layout":"","theme-transparent-header-meta":"enabled","adv-header-id-meta":"","stick-header-meta":"","header-above-stick-meta":"","header-main-stick-meta":"","header-below-stick-meta":"","footnotes":""},"class_list":["post-1002","page","type-page","status-publish","hentry"],"acf":[],"_links":{"self":[{"href":"https:\/\/colmenaresabogados.com\/web\/wp-json\/wp\/v2\/pages\/1002","targetHints":{"allow":["GET"]}}],"collection":[{"href":"https:\/\/colmenaresabogados.com\/web\/wp-json\/wp\/v2\/pages"}],"about":[{"href":"https:\/\/colmenaresabogados.com\/web\/wp-json\/wp\/v2\/types\/page"}],"author":[{"embeddable":true,"href":"https:\/\/colmenaresabogados.com\/web\/wp-json\/wp\/v2\/users\/1"}],"replies":[{"embeddable":true,"href":"https:\/\/colmenaresabogados.com\/web\/wp-json\/wp\/v2\/comments?post=1002"}],"version-history":[{"count":285,"href":"https:\/\/colmenaresabogados.com\/web\/wp-json\/wp\/v2\/pages\/1002\/revisions"}],"predecessor-version":[{"id":4611,"href":"https:\/\/colmenaresabogados.com\/web\/wp-json\/wp\/v2\/pages\/1002\/revisions\/4611"}],"wp:attachment":[{"href":"https:\/\/colmenaresabogados.com\/web\/wp-json\/wp\/v2\/media?parent=1002"}],"curies":[{"name":"wp","href":"https:\/\/api.w.org\/{rel}","templated":true}]}}