{"id":4113,"date":"2022-12-14T18:21:59","date_gmt":"2022-12-14T18:21:59","guid":{"rendered":"https:\/\/colmenaresabogados.com\/web\/?page_id=4113"},"modified":"2022-12-15T15:30:29","modified_gmt":"2022-12-15T15:30:29","slug":"planeacion-familiar","status":"publish","type":"page","link":"https:\/\/colmenaresabogados.com\/web\/planeacion-familiar\/","title":{"rendered":"planeacion-familiar"},"content":{"rendered":"\t\t<div data-elementor-type=\"wp-page\" data-elementor-id=\"4113\" class=\"elementor elementor-4113\">\n\t\t\t\t\t\t<section class=\"elementor-section elementor-top-section elementor-element elementor-element-93488aa elementor-section-boxed elementor-section-height-default elementor-section-height-default\" data-id=\"93488aa\" data-element_type=\"section\" data-settings=\"{&quot;background_background&quot;:&quot;classic&quot;}\">\n\t\t\t\t\t\t\t<div class=\"elementor-background-overlay\"><\/div>\n\t\t\t\t\t\t\t<div class=\"elementor-container elementor-column-gap-no\">\n\t\t\t\t\t<div class=\"elementor-column elementor-col-100 elementor-top-column elementor-element elementor-element-0c95332\" data-id=\"0c95332\" data-element_type=\"column\">\n\t\t\t<div class=\"elementor-widget-wrap elementor-element-populated\">\n\t\t\t\t\t\t<div class=\"elementor-element elementor-element-d82acff elementor-widget elementor-widget-heading\" data-id=\"d82acff\" data-element_type=\"widget\" data-widget_type=\"heading.default\">\n\t\t\t\t<div class=\"elementor-widget-container\">\n\t\t\t\t\t<h1 class=\"elementor-heading-title elementor-size-default\">Planeaci\u00f3n Familiar<\/h1>\t\t\t\t<\/div>\n\t\t\t\t<\/div>\n\t\t\t\t\t<\/div>\n\t\t<\/div>\n\t\t\t\t\t<\/div>\n\t\t<\/section>\n\t\t\t\t<section class=\"elementor-section elementor-top-section elementor-element elementor-element-90f52fd elementor-section-boxed elementor-section-height-default elementor-section-height-default\" data-id=\"90f52fd\" data-element_type=\"section\">\n\t\t\t\t\t\t<div class=\"elementor-container elementor-column-gap-default\">\n\t\t\t\t\t<div class=\"elementor-column elementor-col-100 elementor-top-column elementor-element elementor-element-e3d4ff5\" data-id=\"e3d4ff5\" data-element_type=\"column\">\n\t\t\t<div class=\"elementor-widget-wrap elementor-element-populated\">\n\t\t\t\t\t\t<div class=\"elementor-element elementor-element-001b5f3 elementor-widget elementor-widget-text-editor\" data-id=\"001b5f3\" data-element_type=\"widget\" data-widget_type=\"text-editor.default\">\n\t\t\t\t<div class=\"elementor-widget-container\">\n\t\t\t\t\t\t\t\t\tTodos somos mortales. Generalmente trabajamos toda una vida y crecemos empresarialmente, pero no hacemos planeaci\u00f3n sobre la suerte del patrimonio luego de nuestros d\u00edas. Nuestra Firma actualizada en temas de inter\u00e9s familiar como es \u201cLA PARTICION DEL PATRIMONIO EN VIDA\u201d, le brinda todo un portafolio para que desde ya, deje todo organizado sin perder en absoluto el control de su patrimonio, pues mientras viva todo sigue girando en torno a la normalidad y como siempre han sido las cosas,\u00a0 sin necesidad de testamento o procesos futuros.\n\nLe tenemos la soluci\u00f3n para que encuentre el sello de la seguridad jur\u00eddica que le brindar\u00e1 para siempre su tranquilidad. Este acompa\u00f1amiento no solo es jur\u00eddico sino contable y tributario.\t\t\t\t\t\t\t\t<\/div>\n\t\t\t\t<\/div>\n\t\t\t\t\t<\/div>\n\t\t<\/div>\n\t\t\t\t\t<\/div>\n\t\t<\/section>\n\t\t\t\t<section class=\"elementor-section elementor-top-section elementor-element elementor-element-80a163e elementor-section-boxed elementor-section-height-default elementor-section-height-default\" data-id=\"80a163e\" data-element_type=\"section\">\n\t\t\t\t\t\t<div class=\"elementor-container elementor-column-gap-default\">\n\t\t\t\t\t<div class=\"elementor-column elementor-col-100 elementor-top-column elementor-element elementor-element-2ce6595\" data-id=\"2ce6595\" data-element_type=\"column\">\n\t\t\t<div class=\"elementor-widget-wrap elementor-element-populated\">\n\t\t\t\t\t\t<section class=\"elementor-section elementor-inner-section elementor-element elementor-element-6271ba2 elementor-section-boxed elementor-section-height-default elementor-section-height-default\" data-id=\"6271ba2\" data-element_type=\"section\">\n\t\t\t\t\t\t<div class=\"elementor-container elementor-column-gap-default\">\n\t\t\t\t\t<div class=\"elementor-column elementor-col-100 elementor-inner-column elementor-element elementor-element-3118ec8\" data-id=\"3118ec8\" data-element_type=\"column\">\n\t\t\t<div class=\"elementor-widget-wrap elementor-element-populated\">\n\t\t\t\t\t\t<div class=\"elementor-element elementor-element-223cda5 elementor-widget elementor-widget-heading\" data-id=\"223cda5\" data-element_type=\"widget\" data-widget_type=\"heading.default\">\n\t\t\t\t<div class=\"elementor-widget-container\">\n\t\t\t\t\t<h3 class=\"elementor-heading-title elementor-size-default\">Le ofrecemos entre otros, los siguientes servicios:<\/h3>\t\t\t\t<\/div>\n\t\t\t\t<\/div>\n\t\t\t\t<div class=\"elementor-element elementor-element-349ee90 elementor-widget elementor-widget-text-editor\" data-id=\"349ee90\" data-element_type=\"widget\" data-widget_type=\"text-editor.default\">\n\t\t\t\t<div class=\"elementor-widget-container\">\n\t\t\t\t\t\t\t\t\t<ul>\n<li>Portafolio de familia respecto a sus miembros con Constituci\u00f3n de Sociedades o Liquidaci\u00f3n del Patrimonio en vida que permitan asegurar el patrimonio de la familia en el presente y el futuro<\/li>\n<li>Organizaci\u00f3n familiar de la Empresa mediante protocolos que mantengan la seguridad jur\u00eddica y el desarrollo del objeto social sin trauma, evitando en el futuro el proceso de Sucesi\u00f3n<\/li>\n<li>Disoluci\u00f3n y liquidaci\u00f3n de la Sociedad Conyugal o marital<\/li>\n<li>Declaratoria de ocultaci\u00f3n de bienes de la Sociedad Conyugal o Patrimonial<\/li>\n<li>Nulidad de las particiones<\/li>\n<li>Sucesiones Judiciales y Notariales<\/li>\n<\/ul>\t\t\t\t\t\t\t\t<\/div>\n\t\t\t\t<\/div>\n\t\t\t\t<div class=\"elementor-element elementor-element-deed6df elementor-widget elementor-widget-button\" data-id=\"deed6df\" data-element_type=\"widget\" data-widget_type=\"button.default\">\n\t\t\t\t<div class=\"elementor-widget-container\">\n\t\t\t\t\t\t\t\t\t<div class=\"elementor-button-wrapper\">\n\t\t\t\t\t<a class=\"elementor-button elementor-button-link elementor-size-sm\" href=\"https:\/\/api.whatsapp.com\/send?phone=+573177009605&#038;text=Hola,%20quisiera%20obtener%20informaci%C3%B3n%20sobre%20su%20servicio%20de%20planeaci%C3%B3n%20familiar%E2%80%8B\">\n\t\t\t\t\t\t<span class=\"elementor-button-content-wrapper\">\n\t\t\t\t\t\t\t\t\t<span class=\"elementor-button-text\">Cont\u00e1ctanos Ahora<\/span>\n\t\t\t\t\t<\/span>\n\t\t\t\t\t<\/a>\n\t\t\t\t<\/div>\n\t\t\t\t\t\t\t\t<\/div>\n\t\t\t\t<\/div>\n\t\t\t\t\t<\/div>\n\t\t<\/div>\n\t\t\t\t\t<\/div>\n\t\t<\/section>\n\t\t\t\t\t<\/div>\n\t\t<\/div>\n\t\t\t\t\t<\/div>\n\t\t<\/section>\n\t\t\t\t<\/div>\n\t\t","protected":false},"excerpt":{"rendered":"<p>Planeaci\u00f3n Familiar Todos somos mortales. Generalmente trabajamos toda una vida y crecemos empresarialmente, pero no hacemos planeaci\u00f3n sobre la suerte del patrimonio luego de nuestros d\u00edas. Nuestra Firma actualizada en temas de inter\u00e9s familiar como es \u201cLA PARTICION DEL PATRIMONIO EN VIDA\u201d, le brinda todo un portafolio para que desde ya, deje todo organizado sin &hellip;<\/p>\n<p class=\"read-more\"> <a class=\"\" href=\"https:\/\/colmenaresabogados.com\/web\/planeacion-familiar\/\"> <span class=\"screen-reader-text\">planeacion-familiar<\/span> Leer m\u00e1s &raquo;<\/a><\/p>\n","protected":false},"author":1,"featured_media":0,"parent":0,"menu_order":0,"comment_status":"closed","ping_status":"closed","template":"","meta":{"_acf_changed":false,"site-sidebar-layout":"no-sidebar","site-content-layout":"page-builder","ast-global-header-display":"","ast-main-header-display":"","ast-hfb-above-header-display":"","ast-hfb-below-header-display":"","ast-hfb-mobile-header-display":"","site-post-title":"disabled","ast-breadcrumbs-content":"disabled","ast-featured-img":"disabled","footer-sml-layout":"","theme-transparent-header-meta":"enabled","adv-header-id-meta":"","stick-header-meta":"","header-above-stick-meta":"","header-main-stick-meta":"","header-below-stick-meta":"","footnotes":""},"class_list":["post-4113","page","type-page","status-publish","hentry"],"acf":[],"_links":{"self":[{"href":"https:\/\/colmenaresabogados.com\/web\/wp-json\/wp\/v2\/pages\/4113","targetHints":{"allow":["GET"]}}],"collection":[{"href":"https:\/\/colmenaresabogados.com\/web\/wp-json\/wp\/v2\/pages"}],"about":[{"href":"https:\/\/colmenaresabogados.com\/web\/wp-json\/wp\/v2\/types\/page"}],"author":[{"embeddable":true,"href":"https:\/\/colmenaresabogados.com\/web\/wp-json\/wp\/v2\/users\/1"}],"replies":[{"embeddable":true,"href":"https:\/\/colmenaresabogados.com\/web\/wp-json\/wp\/v2\/comments?post=4113"}],"version-history":[{"count":12,"href":"https:\/\/colmenaresabogados.com\/web\/wp-json\/wp\/v2\/pages\/4113\/revisions"}],"predecessor-version":[{"id":4174,"href":"https:\/\/colmenaresabogados.com\/web\/wp-json\/wp\/v2\/pages\/4113\/revisions\/4174"}],"wp:attachment":[{"href":"https:\/\/colmenaresabogados.com\/web\/wp-json\/wp\/v2\/media?parent=4113"}],"curies":[{"name":"wp","href":"https:\/\/api.w.org\/{rel}","templated":true}]}}