{"id":4310,"date":"2022-12-23T20:28:43","date_gmt":"2022-12-23T20:28:43","guid":{"rendered":"https:\/\/colmenaresabogados.com\/web\/?page_id=4310"},"modified":"2022-12-23T23:19:09","modified_gmt":"2022-12-23T23:19:09","slug":"litigios","status":"publish","type":"page","link":"https:\/\/colmenaresabogados.com\/web\/litigios\/","title":{"rendered":"Litigios"},"content":{"rendered":"\t\t<div data-elementor-type=\"wp-page\" data-elementor-id=\"4310\" class=\"elementor elementor-4310\">\n\t\t\t\t\t\t<section class=\"elementor-section elementor-top-section elementor-element elementor-element-93488aa elementor-section-height-min-height elementor-section-boxed elementor-section-height-default elementor-section-items-middle\" data-id=\"93488aa\" data-element_type=\"section\" data-settings=\"{&quot;background_background&quot;:&quot;classic&quot;}\">\n\t\t\t\t\t\t\t<div class=\"elementor-background-overlay\"><\/div>\n\t\t\t\t\t\t\t<div class=\"elementor-container elementor-column-gap-no\">\n\t\t\t\t\t<div class=\"elementor-column elementor-col-100 elementor-top-column elementor-element elementor-element-0c95332\" data-id=\"0c95332\" data-element_type=\"column\">\n\t\t\t<div class=\"elementor-widget-wrap elementor-element-populated\">\n\t\t\t\t\t\t<div class=\"elementor-element elementor-element-d82acff elementor-widget elementor-widget-heading\" data-id=\"d82acff\" data-element_type=\"widget\" data-widget_type=\"heading.default\">\n\t\t\t\t<div class=\"elementor-widget-container\">\n\t\t\t\t\t<h1 class=\"elementor-heading-title elementor-size-default\">Litigio<\/h1>\t\t\t\t<\/div>\n\t\t\t\t<\/div>\n\t\t\t\t\t<\/div>\n\t\t<\/div>\n\t\t\t\t\t<\/div>\n\t\t<\/section>\n\t\t\t\t<section class=\"elementor-section elementor-top-section elementor-element elementor-element-ceb0c37 elementor-section-boxed elementor-section-height-default elementor-section-height-default\" data-id=\"ceb0c37\" data-element_type=\"section\">\n\t\t\t\t\t\t<div class=\"elementor-container elementor-column-gap-default\">\n\t\t\t\t\t<div class=\"elementor-column elementor-col-100 elementor-top-column elementor-element elementor-element-4c20fc5\" data-id=\"4c20fc5\" data-element_type=\"column\">\n\t\t\t<div class=\"elementor-widget-wrap elementor-element-populated\">\n\t\t\t\t\t\t<div class=\"elementor-element elementor-element-76c9ea9 elementor-widget elementor-widget-text-editor\" data-id=\"76c9ea9\" data-element_type=\"widget\" data-widget_type=\"text-editor.default\">\n\t\t\t\t<div class=\"elementor-widget-container\">\n\t\t\t\t\t\t\t\t\t<p style=\"text-align: justify;\">Ofrecemos la representaci\u00f3n para la defensa de sus intereses en los siguientes asuntos:<\/p><ul><li>Contestaci\u00f3n de demandas laborales.<\/li><li>Contestaci\u00f3n de acciones de tutela.<\/li><li>Procesos administrativos contra Colpensiones.<\/li><li>Tr\u00e1mites del Ministerio del Trabajo.<\/li><li>Elaboraci\u00f3n y presentaci\u00f3n de recursos de reposici\u00f3n y apelaci\u00f3n.<\/li><\/ul>\t\t\t\t\t\t\t\t<\/div>\n\t\t\t\t<\/div>\n\t\t\t\t<div class=\"elementor-element elementor-element-c18c993 elementor-widget elementor-widget-button\" data-id=\"c18c993\" data-element_type=\"widget\" data-widget_type=\"button.default\">\n\t\t\t\t<div class=\"elementor-widget-container\">\n\t\t\t\t\t\t\t\t\t<div class=\"elementor-button-wrapper\">\n\t\t\t\t\t<a class=\"elementor-button elementor-button-link elementor-size-sm\" href=\"https:\/\/api.whatsapp.com\/send?phone=+573177009605&#038;text=Hola,%20quisiera%20obtener%20informaci%C3%B3n%20sobre%20su%20servicio%20de%20Litigios\">\n\t\t\t\t\t\t<span class=\"elementor-button-content-wrapper\">\n\t\t\t\t\t\t\t\t\t<span class=\"elementor-button-text\">Cont\u00e1ctanos ahora<\/span>\n\t\t\t\t\t<\/span>\n\t\t\t\t\t<\/a>\n\t\t\t\t<\/div>\n\t\t\t\t\t\t\t\t<\/div>\n\t\t\t\t<\/div>\n\t\t\t\t\t<\/div>\n\t\t<\/div>\n\t\t\t\t\t<\/div>\n\t\t<\/section>\n\t\t\t\t<\/div>\n\t\t","protected":false},"excerpt":{"rendered":"<p>Litigio Ofrecemos la representaci\u00f3n para la defensa de sus intereses en los siguientes asuntos: Contestaci\u00f3n de demandas laborales. Contestaci\u00f3n de acciones de tutela. Procesos administrativos contra Colpensiones. Tr\u00e1mites del Ministerio del Trabajo. Elaboraci\u00f3n y presentaci\u00f3n de recursos de reposici\u00f3n y apelaci\u00f3n. Cont\u00e1ctanos ahora<\/p>\n","protected":false},"author":1,"featured_media":0,"parent":0,"menu_order":0,"comment_status":"closed","ping_status":"closed","template":"","meta":{"_acf_changed":false,"site-sidebar-layout":"no-sidebar","site-content-layout":"page-builder","ast-global-header-display":"","ast-main-header-display":"","ast-hfb-above-header-display":"","ast-hfb-below-header-display":"","ast-hfb-mobile-header-display":"","site-post-title":"disabled","ast-breadcrumbs-content":"disabled","ast-featured-img":"disabled","footer-sml-layout":"","theme-transparent-header-meta":"enabled","adv-header-id-meta":"","stick-header-meta":"","header-above-stick-meta":"","header-main-stick-meta":"","header-below-stick-meta":"","footnotes":""},"class_list":["post-4310","page","type-page","status-publish","hentry"],"acf":[],"_links":{"self":[{"href":"https:\/\/colmenaresabogados.com\/web\/wp-json\/wp\/v2\/pages\/4310","targetHints":{"allow":["GET"]}}],"collection":[{"href":"https:\/\/colmenaresabogados.com\/web\/wp-json\/wp\/v2\/pages"}],"about":[{"href":"https:\/\/colmenaresabogados.com\/web\/wp-json\/wp\/v2\/types\/page"}],"author":[{"embeddable":true,"href":"https:\/\/colmenaresabogados.com\/web\/wp-json\/wp\/v2\/users\/1"}],"replies":[{"embeddable":true,"href":"https:\/\/colmenaresabogados.com\/web\/wp-json\/wp\/v2\/comments?post=4310"}],"version-history":[{"count":28,"href":"https:\/\/colmenaresabogados.com\/web\/wp-json\/wp\/v2\/pages\/4310\/revisions"}],"predecessor-version":[{"id":4575,"href":"https:\/\/colmenaresabogados.com\/web\/wp-json\/wp\/v2\/pages\/4310\/revisions\/4575"}],"wp:attachment":[{"href":"https:\/\/colmenaresabogados.com\/web\/wp-json\/wp\/v2\/media?parent=4310"}],"curies":[{"name":"wp","href":"https:\/\/api.w.org\/{rel}","templated":true}]}}